{"id":389860,"date":"2025-02-22T16:37:58","date_gmt":"2025-02-22T19:37:58","guid":{"rendered":"https:\/\/www.evox.com.uy\/trabajo\/"},"modified":"2026-04-17T15:39:59","modified_gmt":"2026-04-17T18:39:59","slug":"trabajo","status":"publish","type":"page","link":"https:\/\/www.evox.com.uy\/pt-br\/trabajo\/","title":{"rendered":"Trabalho Remoto na Evox"},"content":{"rendered":"<div class=\"wpb-content-wrapper\"><p>[vc_row][vc_column][vc_column_text css=&#8221;&#8221;]Se voc\u00ea est\u00e1 procurando trabalho de marketing digital remoto na Am\u00e9rica Latina, voc\u00ea est\u00e1 no lugar certo na hora certa.<br \/>Fa\u00e7a parte da evolu\u00e7\u00e3o da tecnologia \ud83d\udcaa[\/vc_column_text]<h2 class=\"grve-element grve-title grve-align-left grve-h2\" style=\"\"><span>Vagas abertas<\/span><\/h2>[vc_column_text css=&#8221;&#8221;]<div class=\"job_listings\" data-location=\"\" data-keywords=\"\" data-show_filters=\"false\" data-show_pagination=\"false\" data-per_page=\"40\" data-orderby=\"featured\" data-order=\"DESC\" data-categories=\"\" data-disable-form-state-storage=\"\" data-post_id=\"386958\" ><ul class=\"job_listings\">\n<li class=\"post-388778 job_listing type-job_listing status-publish hentry job_position_featured\" data-longitude=\"\" data-latitude=\"\">\n\t<a href=\"https:\/\/www.evox.com.uy\/pt-br\/vaga\/sdr-sales-development-representative-junior-brasil-remoto\/\">\n\t\t<div class=\"position\">\n\t\t\t<h3>SDR (Sales Development Representative) Junior | Brasil (Remoto)<\/h3>\n\t\t<\/div>\n\t\t<div class=\"location\">\n\t\t\tBrasil <small>(Remote)<\/small>\t\t<\/div>\n\t\t<ul class=\"meta\">\n\t\t\t\n\t\t\t\n\t\t\t\t\t<\/ul>\n\t<\/a>\n<\/li>\n<li class=\"post-388540 job_listing type-job_listing status-publish hentry job_position_featured\" data-longitude=\"\" data-latitude=\"\">\n\t<a href=\"https:\/\/www.evox.com.uy\/pt-br\/vaga\/gestor-de-trafego-junior-part-time-remoto-brasil\/\">\n\t\t<div class=\"position\">\n\t\t\t<h3>Gestor de Tr\u00e1fego J\u00fanior Part-Time (Remoto &#8211; Brasil)<\/h3>\n\t\t<\/div>\n\t\t<div class=\"location\">\n\t\t\tBrasil <small>(Remote)<\/small>\t\t<\/div>\n\t\t<ul class=\"meta\">\n\t\t\t\n\t\t\t\n\t\t\t\t\t<\/ul>\n\t<\/a>\n<\/li>\n<li class=\"post-388773 job_listing type-job_listing status-publish hentry job_position_featured\" data-longitude=\"\" data-latitude=\"\">\n\t<a href=\"https:\/\/www.evox.com.uy\/pt-br\/vaga\/designer-grafico-freelance\/\">\n\t\t<div class=\"position\">\n\t\t\t<h3>Designer Gr\u00e1fico Freelance (Brasil &#8211; Remoto)<\/h3>\n\t\t<\/div>\n\t\t<div class=\"location\">\n\t\t\tBrasil <small>(Remote)<\/small>\t\t<\/div>\n\t\t<ul class=\"meta\">\n\t\t\t\n\t\t\t\n\t\t\t\t\t<\/ul>\n\t<\/a>\n<\/li>\n<li class=\"post-386958 job_listing type-job_listing status-publish hentry\" data-longitude=\"\" data-latitude=\"\">\n\t<a href=\"https:\/\/www.evox.com.uy\/pt-br\/vaga\/community-manager-2\/\">\n\t\t<div class=\"position\">\n\t\t\t<h3>Community Manager Junior (Remoto &#8211; Brasil)<\/h3>\n\t\t<\/div>\n\t\t<div class=\"location\">\n\t\t\tBrasil <small>(Remote)<\/small>\t\t<\/div>\n\t\t<ul class=\"meta\">\n\t\t\t\n\t\t\t\n\t\t\t\t\t<\/ul>\n\t<\/a>\n<\/li>\n<\/ul>\n<\/div>[\/vc_column_text][\/vc_column][\/vc_row][vc_row][vc_column]<h3 class=\"grve-element grve-title grve-align-left grve-h2\" style=\"\"><span>N\u00e3o h\u00e1 uma vaga para voc\u00ea? Candidate-se mesmo assim e participe de futuros processos seletivos<\/span><\/h3>[vc_column_text css=&#8221;&#8221;]\u00c1reas para as quais estamos contratando continuamente:<\/p>\n<ul>\n<li>Vagas em Intelig\u00eancia Artificial<\/li>\n<li>Vagas em Automa\u00e7\u00e3o de Processos e de Marketing<\/li>\n<li>Vagas em Programa\u00e7\u00e3o, Gest\u00e3o de Projetos e Engenharia de Software<\/li>\n<li>Vagas em Design Gr\u00e1fico e Ilustra\u00e7\u00e3o<\/li>\n<li>Vagas em Edi\u00e7\u00e3o de V\u00eddeo e \u00c1udio<\/li>\n<li>Vagas em Fotografia e Filmmaking<\/li>\n<li>Vagas em Motion Graphics e VFX<\/li>\n<li>Vagas em Copywriting e Storytelling<\/li>\n<li>Vacantes en Dise\u00f1o UX\/UI<\/li>\n<li>Vagas em Design UX\/UI<\/li>\n<li>Vagas em Comunica\u00e7\u00e3o<\/li>\n<li>Vagas em Branding<\/li>\n<li>Vagas em Social Media Optimization (Community Manager)<\/li>\n<li>Vagas em SEO, GEO e ASO<\/li>\n<li>Vagas em SEM e Social Ads<\/li>\n<li>Vagas em Programa\u00e7\u00e3o Web e Apps<\/li>\n<li>Vagas em Tecnologias da Informa\u00e7\u00e3o<\/li>\n<li>Vagas em Administra\u00e7\u00e3o, Contabilidade e RH<\/li>\n<li>Vagas em Atendimento ao Cliente<\/li>\n<li>Vagas na \u00e1rea Comercial (Vendas Consultivas)<\/li>\n<\/ul>\n<p>[\/vc_column_text][\/vc_column][\/vc_row][vc_row][vc_column]<script type=\"text\/javascript\">\n\/* <![CDATA[ *\/\nvar gform;gform||(document.addEventListener(\"gform_main_scripts_loaded\",function(){gform.scriptsLoaded=!0}),document.addEventListener(\"gform\/theme\/scripts_loaded\",function(){gform.themeScriptsLoaded=!0}),window.addEventListener(\"DOMContentLoaded\",function(){gform.domLoaded=!0}),gform={domLoaded:!1,scriptsLoaded:!1,themeScriptsLoaded:!1,isFormEditor:()=>\"function\"==typeof InitializeEditor,callIfLoaded:function(o){return!(!gform.domLoaded||!gform.scriptsLoaded||!gform.themeScriptsLoaded&&!gform.isFormEditor()||(gform.isFormEditor()&&console.warn(\"The use of gform.initializeOnLoaded() is deprecated in the form editor context and will be removed in Gravity Forms 3.1.\"),o(),0))},initializeOnLoaded:function(o){gform.callIfLoaded(o)||(document.addEventListener(\"gform_main_scripts_loaded\",()=>{gform.scriptsLoaded=!0,gform.callIfLoaded(o)}),document.addEventListener(\"gform\/theme\/scripts_loaded\",()=>{gform.themeScriptsLoaded=!0,gform.callIfLoaded(o)}),window.addEventListener(\"DOMContentLoaded\",()=>{gform.domLoaded=!0,gform.callIfLoaded(o)}))},hooks:{action:{},filter:{}},addAction:function(o,r,e,t){gform.addHook(\"action\",o,r,e,t)},addFilter:function(o,r,e,t){gform.addHook(\"filter\",o,r,e,t)},doAction:function(o){gform.doHook(\"action\",o,arguments)},applyFilters:function(o){return gform.doHook(\"filter\",o,arguments)},removeAction:function(o,r){gform.removeHook(\"action\",o,r)},removeFilter:function(o,r,e){gform.removeHook(\"filter\",o,r,e)},addHook:function(o,r,e,t,n){null==gform.hooks[o][r]&&(gform.hooks[o][r]=[]);var d=gform.hooks[o][r];null==n&&(n=r+\"_\"+d.length),gform.hooks[o][r].push({tag:n,callable:e,priority:t=null==t?10:t})},doHook:function(r,o,e){var t;if(e=Array.prototype.slice.call(e,1),null!=gform.hooks[r][o]&&((o=gform.hooks[r][o]).sort(function(o,r){return o.priority-r.priority}),o.forEach(function(o){\"function\"!=typeof(t=o.callable)&&(t=window[t]),\"action\"==r?t.apply(null,e):e[0]=t.apply(null,e)})),\"filter\"==r)return e[0]},removeHook:function(o,r,t,n){var e;null!=gform.hooks[o][r]&&(e=(e=gform.hooks[o][r]).filter(function(o,r,e){return!!(null!=n&&n!=o.tag||null!=t&&t!=o.priority)}),gform.hooks[o][r]=e)}});\n\/* ]]> *\/\n<\/script>\n\n                <div class='gf_browser_gecko gform_wrapper gform_legacy_markup_wrapper gform-theme--no-framework' data-form-theme='legacy' data-form-index='0' id='gform_wrapper_4' style='display:none'>\n                        <div class='gform_heading'>\n                            <h3 class=\"gform_title\">Postulate<\/h3>\n                        <\/div><form method='post' enctype='multipart\/form-data'  id='gform_4'  action='\/pt-br\/wp-json\/wp\/v2\/pages\/389860' data-formid='4' novalidate>\n                        <div class='gform-body gform_body'><ul id='gform_fields_4' class='gform_fields top_label form_sublabel_below description_below validation_below'><li id=\"field_4_4\" class=\"gfield gfield--type-fileupload gfield--input-type-fileupload gfield--width-full gfield_contains_required field_sublabel_below gfield--no-description field_description_below field_validation_below gfield_visibility_visible\"  ><label class='gfield_label gform-field-label' for='input_4_4'>\ud83c\udf93 Adjunt\u00e1 tu curr\u00edculum<span class=\"gfield_required\"><span class=\"gfield_required gfield_required_asterisk\">*<\/span><\/span><\/label><div class='ginput_container ginput_container_fileupload'><input type='hidden' name='MAX_FILE_SIZE' value='26214400' \/><input name='input_4' id='input_4_4' type='file' class='medium' aria-describedby=\"gfield_upload_rules_4_4\" onchange='javascript:gformValidateFileSize( this, 26214400 );'  \/><span class='gfield_description gform_fileupload_rules' id='gfield_upload_rules_4_4'>Tipos de arquivo aceitos: jpg, png, pdf, doc, docx, M\u00e1x. tamanho do arquivo: 25 MB.<\/span><div class='gfield_description validation_message gfield_validation_message validation_message--hidden-on-empty' id='live_validation_message_4_4'><\/div><\/div><\/li><li id=\"field_4_3\" class=\"gfield gfield--type-phone gfield--input-type-phone gfield--width-full gfield_contains_required field_sublabel_below gfield--has-description field_description_above field_validation_below gfield_visibility_visible\"  ><label class='gfield_label gform-field-label' for='input_4_3'>\ud83d\udcde WhatsApp<span class=\"gfield_required\"><span class=\"gfield_required gfield_required_asterisk\">*<\/span><\/span><\/label><div class='gfield_description' id='gfield_description_4_3'>N\u00famero de tel\u00e9fono con prefijo internacional inclu\u00eddo.<\/div><div class='ginput_container ginput_container_phone'><input name='input_3' id='input_4_3' type='tel' value='' class='small'   aria-required=\"true\" aria-invalid=\"false\" aria-describedby=\"gfield_description_4_3\"  \/><\/div><\/li><li id=\"field_4_2\" class=\"gfield gfield--type-email gfield--input-type-email gfield--width-full gfield_contains_required field_sublabel_below gfield--no-description field_description_below field_validation_below gfield_visibility_visible\"  ><label class='gfield_label gform-field-label' for='input_4_2'>\u2709\ufe0f Email<span class=\"gfield_required\"><span class=\"gfield_required gfield_required_asterisk\">*<\/span><\/span><\/label><div class='ginput_container ginput_container_email'>\n                            <input name='input_2' id='input_4_2' type='email' value='' class='small'    aria-required=\"true\" aria-invalid=\"false\"  \/>\n                        <\/div><\/li><li id=\"field_4_11\" class=\"gfield gfield--type-number gfield--input-type-number gfield--width-full gfield_contains_required field_sublabel_below gfield--has-description field_description_above field_validation_below gfield_visibility_visible\"  ><label class='gfield_label gform-field-label' for='input_4_11'>\ud83e\udef0 Aspiraci\u00f3n salarial (Full-Time)<span class=\"gfield_required\"><span class=\"gfield_required gfield_required_asterisk\">*<\/span><\/span><\/label><div class='gfield_description' id='gfield_description_4_11'>Sueldo mensual l\u00edquido, en la moneda local del pa\u00eds de la vacante. (Para una posici\u00f3n remota, de lunes a viernes, con una jornada de 6 horas)<\/div><div class='ginput_container ginput_container_number'><input name='input_11' id='input_4_11' type='text' step='any'   value='' class='small'    placeholder='25.000' aria-required=\"true\" aria-invalid=\"false\" aria-describedby=\"gfield_description_4_11\" \/><\/div><\/li><li id=\"field_4_5\" class=\"gfield gfield--type-captcha gfield--input-type-captcha field_sublabel_below gfield--no-description field_description_below field_validation_below gfield_visibility_visible\"  ><label class='gfield_label gform-field-label' for='input_4_5'>Confirm\u00e1 que no sos una IA o un Robot<\/label><div id='input_4_5' class='ginput_container ginput_recaptcha' data-sitekey='6LcUD9kZAAAAALgxIV64g5Eklsqt-GdVXeMa3cI7'  data-theme='light' data-tabindex='0'  data-badge=''><\/div><\/li><li id=\"field_4_17\" class=\"gfield gfield--type-hidden gfield--input-type-hidden gform_hidden field_sublabel_below gfield--no-description field_description_below field_validation_below gfield_visibility_visible\"  ><div class='ginput_container ginput_container_text'><input name='input_17' id='input_4_17' type='hidden' class='gform_hidden'  aria-invalid=\"false\" value='Posici\u00f3n a la que se postul\u00f3: https:\/\/www.evox.com.uy\/pt-br\/wp-json\/wp\/v2\/pages\/389860 - IP del Usuario: 216.73.216.129 - Fecha: 19\/04\/2026 - Fuente: ' \/><\/div><\/li><\/ul><\/div>\n        <div class='gform-footer gform_footer top_label'> <input type='submit' id='gform_submit_button_4' class='gform_button button' onclick='gform.submission.handleButtonClick(this);' data-submission-type='submit' value='Postularme'  \/> \n            <input type='hidden' class='gform_hidden' name='gform_submission_method' data-js='gform_submission_method_4' value='postback' \/>\n            <input type='hidden' class='gform_hidden' name='gform_theme' data-js='gform_theme_4' id='gform_theme_4' value='legacy' \/>\n            <input type='hidden' class='gform_hidden' name='gform_style_settings' data-js='gform_style_settings_4' id='gform_style_settings_4' value='[]' \/>\n            <input type='hidden' class='gform_hidden' name='is_submit_4' value='1' \/>\n            <input type='hidden' class='gform_hidden' name='gform_submit' value='4' \/>\n            \n            <input type='hidden' class='gform_hidden' name='gform_unique_id' value='' \/>\n            <input type='hidden' class='gform_hidden' name='state_4' value='WyJbXSIsIjRkYTk3YTc5MmMwYTg1YzdjMDllZDY1NTQyMWI0NWQ1Il0=' \/>\n            <input type='hidden' autocomplete='off' class='gform_hidden' name='gform_target_page_number_4' id='gform_target_page_number_4' value='0' \/>\n            <input type='hidden' autocomplete='off' class='gform_hidden' name='gform_source_page_number_4' id='gform_source_page_number_4' value='1' \/>\n            <input type='hidden' name='gform_field_values' value='' \/>\n            \n        <\/div>\n                        <\/form>\n                        <\/div><script type=\"text\/javascript\">\n\/* <![CDATA[ *\/\n gform.initializeOnLoaded( function() {gformInitSpinner( 4, 'https:\/\/www.evox.com.uy\/core\/modules\/gravityforms\/images\/spinner.svg', true );jQuery('#gform_ajax_frame_4').on('load',function(){var contents = jQuery(this).contents().find('*').html();var is_postback = contents.indexOf('GF_AJAX_POSTBACK') >= 0;if(!is_postback){return;}var form_content = jQuery(this).contents().find('#gform_wrapper_4');var is_confirmation = jQuery(this).contents().find('#gform_confirmation_wrapper_4').length > 0;var is_redirect = contents.indexOf('gformRedirect(){') >= 0;var is_form = form_content.length > 0 && ! is_redirect && ! is_confirmation;var mt = parseInt(jQuery('html').css('margin-top'), 10) + parseInt(jQuery('body').css('margin-top'), 10) + 100;if(is_form){form_content.find('form').css('opacity', 0);jQuery('#gform_wrapper_4').html(form_content.html());if(form_content.hasClass('gform_validation_error')){jQuery('#gform_wrapper_4').addClass('gform_validation_error');} else {jQuery('#gform_wrapper_4').removeClass('gform_validation_error');}setTimeout( function() { \/* delay the scroll by 50 milliseconds to fix a bug in chrome *\/  }, 50 );if(window['gformInitDatepicker']) {gformInitDatepicker();}if(window['gformInitPriceFields']) {gformInitPriceFields();}var current_page = jQuery('#gform_source_page_number_4').val();gformInitSpinner( 4, 'https:\/\/www.evox.com.uy\/core\/modules\/gravityforms\/images\/spinner.svg', true );jQuery(document).trigger('gform_page_loaded', [4, current_page]);window['gf_submitting_4'] = false;}else if(!is_redirect){var confirmation_content = jQuery(this).contents().find('.GF_AJAX_POSTBACK').html();if(!confirmation_content){confirmation_content = contents;}jQuery('#gform_wrapper_4').replaceWith(confirmation_content);jQuery(document).trigger('gform_confirmation_loaded', [4]);window['gf_submitting_4'] = false;wp.a11y.speak(jQuery('#gform_confirmation_message_4').text());}else{jQuery('#gform_4').append(contents);if(window['gformRedirect']) {gformRedirect();}}jQuery(document).trigger(\"gform_pre_post_render\", [{ formId: \"4\", currentPage: \"current_page\", abort: function() { this.preventDefault(); } }]);        if (event && event.defaultPrevented) {                return;        }        const gformWrapperDiv = document.getElementById( \"gform_wrapper_4\" );        if ( gformWrapperDiv ) {            const visibilitySpan = document.createElement( \"span\" );            visibilitySpan.id = \"gform_visibility_test_4\";            gformWrapperDiv.insertAdjacentElement( \"afterend\", visibilitySpan );        }        const visibilityTestDiv = document.getElementById( \"gform_visibility_test_4\" );        let postRenderFired = false;        function triggerPostRender() {            if ( postRenderFired ) {                return;            }            postRenderFired = true;            gform.core.triggerPostRenderEvents( 4, current_page );            if ( visibilityTestDiv ) {                visibilityTestDiv.parentNode.removeChild( visibilityTestDiv );            }        }        function debounce( func, wait, immediate ) {            var timeout;            return function() {                var context = this, args = arguments;                var later = function() {                    timeout = null;                    if ( !immediate ) func.apply( context, args );                };                var callNow = immediate && !timeout;                clearTimeout( timeout );                timeout = setTimeout( later, wait );                if ( callNow ) func.apply( context, args );            };        }        const debouncedTriggerPostRender = debounce( function() {            triggerPostRender();        }, 200 );        if ( visibilityTestDiv && visibilityTestDiv.offsetParent === null ) {            const observer = new MutationObserver( ( mutations ) => {                mutations.forEach( ( mutation ) => {                    if ( mutation.type === 'attributes' && visibilityTestDiv.offsetParent !== null ) {                        debouncedTriggerPostRender();                        observer.disconnect();                    }                });            });            observer.observe( document.body, {                attributes: true,                childList: false,                subtree: true,                attributeFilter: [ 'style', 'class' ],            });        } else {            triggerPostRender();        }    } );} ); \n\/* ]]> *\/\n<\/script>\n[\/vc_column][\/vc_row]<\/p>\n<\/div>","protected":false},"excerpt":{"rendered":"<p>[vc_row][vc_column][vc_column_text css=&#8221;&#8221;]Se voc\u00ea est\u00e1 procurando trabalho de marketing digital remoto na Am\u00e9rica Latina, voc\u00ea est\u00e1 no lugar certo na hora certa.Fa\u00e7a parte da evolu\u00e7\u00e3o da tecnologia \ud83d\udcaa[\/vc_column_text][vc_column_text css=&#8221;&#8221;][\/vc_column_text][\/vc_column][\/vc_row][vc_row][vc_column][vc_column_text css=&#8221;&#8221;]\u00c1reas para as quais estamos contratando continuamente: Vagas em Intelig\u00eancia Artificial Vagas em Automa\u00e7\u00e3o de Processos e de Marketing Vagas em Programa\u00e7\u00e3o, Gest\u00e3o de Projetos e Engenharia [&hellip;]<\/p>\n","protected":false},"author":1,"featured_media":0,"parent":0,"menu_order":0,"comment_status":"closed","ping_status":"closed","template":"","meta":{"footnotes":""},"class_list":["post-389860","page","type-page","status-publish","hentry"],"_links":{"self":[{"href":"https:\/\/www.evox.com.uy\/pt-br\/wp-json\/wp\/v2\/pages\/389860","targetHints":{"allow":["GET"]}}],"collection":[{"href":"https:\/\/www.evox.com.uy\/pt-br\/wp-json\/wp\/v2\/pages"}],"about":[{"href":"https:\/\/www.evox.com.uy\/pt-br\/wp-json\/wp\/v2\/types\/page"}],"author":[{"embeddable":true,"href":"https:\/\/www.evox.com.uy\/pt-br\/wp-json\/wp\/v2\/users\/1"}],"replies":[{"embeddable":true,"href":"https:\/\/www.evox.com.uy\/pt-br\/wp-json\/wp\/v2\/comments?post=389860"}],"version-history":[{"count":1,"href":"https:\/\/www.evox.com.uy\/pt-br\/wp-json\/wp\/v2\/pages\/389860\/revisions"}],"predecessor-version":[{"id":389875,"href":"https:\/\/www.evox.com.uy\/pt-br\/wp-json\/wp\/v2\/pages\/389860\/revisions\/389875"}],"wp:attachment":[{"href":"https:\/\/www.evox.com.uy\/pt-br\/wp-json\/wp\/v2\/media?parent=389860"}],"curies":[{"name":"wp","href":"https:\/\/api.w.org\/{rel}","templated":true}]}}